{"id":2398,"date":"2024-06-11T00:13:55","date_gmt":"2024-06-10T14:13:55","guid":{"rendered":"https:\/\/www.projecta-eu.com\/videos\/"},"modified":"2024-09-19T23:08:42","modified_gmt":"2024-09-19T13:08:42","slug":"videos","status":"publish","type":"page","link":"https:\/\/www.projecta-eu.com\/de\/videos\/","title":{"rendered":"Videos"},"content":{"rendered":"<p>[et_pb_section fb_built=&#8220;1&#8243; custom_padding_last_edited=&#8220;on|phone&#8220; admin_label=&#8220;rapid-recharge&#8220; module_id=&#8220;Schnell-Ladung&#8220; _builder_version=&#8220;4.25.0&#8243; _module_preset=&#8220;default&#8220; custom_padding_tablet=&#8220;|75px||75px|false|true&#8220; custom_padding_phone=&#8220;|25px||25px|false|true&#8220; global_colors_info=&#8220;{}&#8220;][et_pb_row _builder_version=&#8220;4.25.2&#8243; _module_preset=&#8220;default&#8220; animation_style=&#8220;fade&#8220; global_colors_info=&#8220;{}&#8220;][et_pb_column type=&#8220;4_4&#8243; _builder_version=&#8220;4.25.0&#8243; _module_preset=&#8220;default&#8220; animation_style=&#8220;slide&#8220; animation_direction=&#8220;right&#8220; global_colors_info=&#8220;{}&#8220;][et_pb_text _builder_version=&#8220;4.25.2&#8243; _module_preset=&#8220;default&#8220; text_font=&#8220;|700||on|||||&#8220; text_text_color=&#8220;gcid-heading-color&#8220; text_font_size=&#8220;0.85rem&#8220; custom_margin=&#8220;0px||10px||false|false&#8220; custom_padding=&#8220;0px||0px||true|false&#8220; animation_style=&#8220;flip&#8220; global_colors_info=&#8220;{%22gcid-heading-color%22:%91%22text_text_color%22%93}&#8220;]<\/p>\n<p>VIDEO<\/p>\n<p>[\/et_pb_text][dipl_double_color_heading heading_main_part=&#8220;RAPID RECHARGE TECHNOLOGY.&#8220; heading_post_part=&#8220;DAS IST INTELLI-START.&#8220; _builder_version=&#8220;4.26.0&#8243; _module_preset=&#8220;default&#8220; pre_header_text_color=&#8220;#ED1C29&#8243; main_header_font=&#8220;|800|||||||&#8220; main_header_text_color=&#8220;#ED1C29&#8243; main_header_font_size=&#8220;46px&#8220; main_header_line_height=&#8220;1.1em&#8220; post_header_font=&#8220;|800|||||||&#8220; post_header_font_size=&#8220;46px&#8220; post_header_line_height=&#8220;1.1em&#8220; global_colors_info=&#8220;{}&#8220;][\/dipl_double_color_heading][et_pb_text _builder_version=&#8220;4.25.2&#8243; _module_preset=&#8220;default&#8220; text_text_color=&#8220;#000000&#8243; custom_padding=&#8220;13px|||||&#8220; global_colors_info=&#8220;{}&#8220;]<\/p>\n<p><strong>Bilder sagen mehr als 1.000 Worte<\/strong><\/p>\n<p>Sehen Sie sich die folgenden Videos an und erfahren Sie, warum die Projecta Intelli-Start-Reihe so einzigartig ist. Besonders die patentierte Rapid Recharge Technology ist unverwechselbar und macht die Ger\u00e4te sehr alltagstauglich. Auch mit der (bis zu) 4-fachen Lebensdauer und der gro\u00dfen Anzahl an Sicherheitsmerkmalen heben sich die Intelli-Start-Starter positiv von der Konkurrenz ab. Viel Spa\u00df beim Anschauen!<\/p>\n<p>[\/et_pb_text][\/et_pb_column][\/et_pb_row][et_pb_row column_structure=&#8220;1_2,1_2&#8243; _builder_version=&#8220;4.27.0&#8243; _module_preset=&#8220;default&#8220; hover_enabled=&#8220;0&#8243; global_colors_info=&#8220;{}&#8220; sticky_enabled=&#8220;0&#8243;][et_pb_column _builder_version=&#8220;4.27.0&#8243; _module_preset=&#8220;default&#8220; type=&#8220;1_2&#8243;][et_pb_video src=&#8220;https:\/\/www.youtube.com\/watch?v=_-ib9t1Fesg&#8220; _builder_version=&#8220;4.27.0&#8243; _module_preset=&#8220;default&#8220; animation_style=&#8220;fade&#8220; hover_enabled=&#8220;0&#8243; global_colors_info=&#8220;{}&#8220; sticky_enabled=&#8220;0&#8243;][\/et_pb_video][\/et_pb_column][et_pb_column type=&#8220;1_2&#8243; _builder_version=&#8220;4.25.2&#8243; _module_preset=&#8220;default&#8220; global_colors_info=&#8220;{}&#8220;][et_pb_video src=&#8220;https:\/\/www.youtube.com\/watch?v=MEaxerQCxug&#8220; _builder_version=&#8220;4.25.2&#8243; _module_preset=&#8220;default&#8220; animation_style=&#8220;fade&#8220; global_colors_info=&#8220;{}&#8220;][\/et_pb_video][\/et_pb_column][\/et_pb_row][et_pb_row column_structure=&#8220;1_2,1_2&#8243; _builder_version=&#8220;4.27.0&#8243; _module_preset=&#8220;default&#8220; hover_enabled=&#8220;0&#8243; global_colors_info=&#8220;{}&#8220; sticky_enabled=&#8220;0&#8243;][et_pb_column _builder_version=&#8220;4.27.0&#8243; _module_preset=&#8220;default&#8220; type=&#8220;1_2&#8243;][et_pb_video src=&#8220;https:\/\/www.youtube.com\/watch?v=7Mop_UutWU8&#8243; _builder_version=&#8220;4.25.2&#8243; _module_preset=&#8220;default&#8220; animation_style=&#8220;fade&#8220; global_colors_info=&#8220;{}&#8220;][\/et_pb_video][\/et_pb_column][et_pb_column type=&#8220;1_2&#8243; _builder_version=&#8220;4.25.2&#8243; _module_preset=&#8220;default&#8220; global_colors_info=&#8220;{}&#8220;][et_pb_video src=&#8220;https:\/\/www.youtube.com\/watch?v=bgKmvgRruY0&#8243; _builder_version=&#8220;4.25.2&#8243; _module_preset=&#8220;default&#8220; animation_style=&#8220;fade&#8220; global_colors_info=&#8220;{}&#8220;][\/et_pb_video][\/et_pb_column][\/et_pb_row][\/et_pb_section][et_pb_section fb_built=&#8220;1&#8243; module_id=&#8220;erkunden-mehr&#8220; _builder_version=&#8220;4.26.0&#8243; _module_preset=&#8220;default&#8220; background_color=&#8220;#000000&#8243; border_width_bottom=&#8220;1px&#8220; border_color_bottom=&#8220;#FFFFFF&#8220; locked=&#8220;off&#8220; global_colors_info=&#8220;{}&#8220;][et_pb_row _builder_version=&#8220;4.25.0&#8243; _module_preset=&#8220;default&#8220; global_colors_info=&#8220;{}&#8220;][et_pb_column type=&#8220;4_4&#8243; _builder_version=&#8220;4.25.0&#8243; _module_preset=&#8220;default&#8220; global_colors_info=&#8220;{}&#8220;][dipl_double_color_heading heading_main_part=&#8220;ENTDECKEN SIE UNSER&#8220; heading_post_part=&#8220;JUMP STARTER RANGES&#8220; display_in_stack=&#8220;on&#8220; _builder_version=&#8220;4.26.0&#8243; _module_preset=&#8220;default&#8220; global_heading_settings_text_align=&#8220;center&#8220; main_header_font=&#8220;|700||on|||||&#8220; main_header_text_color=&#8220;#FFFFFF&#8220; main_header_font_size=&#8220;48px&#8220; main_header_line_height=&#8220;0.6em&#8220; post_header_font=&#8220;|700|||||||&#8220; post_header_text_color=&#8220;#ED1C29&#8243; post_header_font_size=&#8220;46px&#8220; post_header_line_height=&#8220;1em&#8220; animation_style=&#8220;flip&#8220; global_colors_info=&#8220;{}&#8220;][\/dipl_double_color_heading][\/et_pb_column][\/et_pb_row][et_pb_row column_structure=&#8220;1_3,1_3,1_3&#8243; _builder_version=&#8220;4.25.0&#8243; _module_preset=&#8220;default&#8220; global_colors_info=&#8220;{}&#8220;][et_pb_column type=&#8220;1_3&#8243; _builder_version=&#8220;4.25.0&#8243; _module_preset=&#8220;default&#8220; global_colors_info=&#8220;{}&#8220;][et_pb_image src=&#8220;https:\/\/www.projecta-eu.com\/wp-content\/uploads\/2022\/03\/card-emergency-range.jpg&#8220; alt=&#8220;karte-notfall-bereich&#8220; url=&#8220;https:\/\/www.projecta-eu.com\/de\/products\/notfall-starthilfe\/&#8220; _builder_version=&#8220;4.26.0&#8243; _module_preset=&#8220;default&#8220; animation_style=&#8220;fade&#8220; global_colors_info=&#8220;{}&#8220;][\/et_pb_image][dipl_double_color_heading heading_main_part=&#8220;Emergency&#8220; heading_post_part=&#8220;Range&#8220; _builder_version=&#8220;4.25.0&#8243; _module_preset=&#8220;default&#8220; main_header_font=&#8220;|700||on|||||&#8220; main_header_text_color=&#8220;#FFFFFF&#8220; post_header_font=&#8220;|700||on|||||&#8220; post_header_text_color=&#8220;#ED1C29&#8243; custom_margin=&#8220;-20px||||false|false&#8220; custom_padding=&#8220;||||false|false&#8220; animation_style=&#8220;slide&#8220; global_colors_info=&#8220;{}&#8220;][\/dipl_double_color_heading][et_pb_text _builder_version=&#8220;4.25.0&#8243; _module_preset=&#8220;default&#8220; text_font=&#8220;|600|||||||&#8220; text_text_color=&#8220;#FFFFFF&#8220; text_line_height=&#8220;1em&#8220; animation_style=&#8220;slide&#8220; animation_direction=&#8220;bottom&#8220; global_colors_info=&#8220;{}&#8220;]Die kompakten und einfach zu bedienenden Emergency Intelli-Start Starthilfeger\u00e4te k\u00f6nnen die meisten PKWs starten. Sie verf\u00fcgen \u00fcber eine Powerbank zum Aufladen von Ger\u00e4ten \u00fcber USB und ein praktisches LED-Licht.[\/et_pb_text][\/et_pb_column][et_pb_column type=&#8220;1_3&#8243; _builder_version=&#8220;4.25.0&#8243; _module_preset=&#8220;default&#8220; global_colors_info=&#8220;{}&#8220;][et_pb_image src=&#8220;https:\/\/www.projecta-eu.com\/wp-content\/uploads\/2022\/03\/card-professional-range.jpg&#8220; alt=&#8220;karte-notfall-bereich&#8220; title_text=&#8220;karte-professional-range&#8220; url=&#8220;https:\/\/www.projecta-eu.com\/de\/products\/professionelle-jumpstarter\/&#8220; _builder_version=&#8220;4.26.0&#8243; _module_preset=&#8220;default&#8220; animation_style=&#8220;fade&#8220; global_colors_info=&#8220;{}&#8220;][\/et_pb_image][dipl_double_color_heading heading_main_part=&#8220;Professional&#8220; heading_post_part=&#8220;Range&#8220; _builder_version=&#8220;4.25.0&#8243; _module_preset=&#8220;default&#8220; main_header_font=&#8220;|700||on|||||&#8220; main_header_text_color=&#8220;#FFFFFF&#8220; post_header_font=&#8220;|700||on|||||&#8220; post_header_text_color=&#8220;#ED1C29&#8243; custom_margin=&#8220;-20px||||false|false&#8220; custom_padding=&#8220;||||false|false&#8220; animation_style=&#8220;slide&#8220; global_colors_info=&#8220;{}&#8220;][\/dipl_double_color_heading][et_pb_text _builder_version=&#8220;4.25.0&#8243; _module_preset=&#8220;default&#8220; text_font=&#8220;|600|||||||&#8220; text_text_color=&#8220;#FFFFFF&#8220; text_line_height=&#8220;1em&#8220; animation_style=&#8220;slide&#8220; animation_direction=&#8220;bottom&#8220; global_colors_info=&#8220;{}&#8220;]Die leistungsstarken und robusten Professional Intelli-Start-Starthilfen sind einsatzbereit. Sie werden mit einer praktischen Dockingstation oder einer EVA-Schutzh\u00fclle geliefert.[\/et_pb_text][\/et_pb_column][et_pb_column type=&#8220;1_3&#8243; _builder_version=&#8220;4.25.0&#8243; _module_preset=&#8220;default&#8220; global_colors_info=&#8220;{}&#8220;][et_pb_image src=&#8220;https:\/\/www.projecta-eu.com\/wp-content\/uploads\/2022\/03\/card-industrial-range.jpg&#8220; alt=&#8220;karte-notfall-bereich&#8220; title_text=&#8220;card-industrial-range&#8220; url=&#8220;https:\/\/www.projecta-eu.com\/de\/products\/industrielle-sprungstarter\/&#8220; _builder_version=&#8220;4.26.0&#8243; _module_preset=&#8220;default&#8220; animation_style=&#8220;fade&#8220; global_colors_info=&#8220;{}&#8220;][\/et_pb_image][dipl_double_color_heading heading_main_part=&#8220;INDUSTRIAL&#8220; heading_post_part=&#8220;Range&#8220; _builder_version=&#8220;4.26.0&#8243; _module_preset=&#8220;default&#8220; main_header_font=&#8220;|700||on|||||&#8220; main_header_text_color=&#8220;#FFFFFF&#8220; post_header_font=&#8220;|700||on|||||&#8220; post_header_text_color=&#8220;#ED1C29&#8243; custom_margin=&#8220;-20px||||false|false&#8220; custom_padding=&#8220;||||false|false&#8220; animation_style=&#8220;slide&#8220; global_colors_info=&#8220;{}&#8220;][\/dipl_double_color_heading][et_pb_text _builder_version=&#8220;4.25.0&#8243; _module_preset=&#8220;default&#8220; text_font=&#8220;|600|||||||&#8220; text_text_color=&#8220;#FFFFFF&#8220; text_line_height=&#8220;1em&#8220; animation_style=&#8220;slide&#8220; animation_direction=&#8220;bottom&#8220; global_colors_info=&#8220;{}&#8220;]<\/p>\n<p>Das revolution\u00e4re Design der Industrial-Reihe bedeutet, dass sie ideal f\u00fcr den gewerblichen Transport, die meisten Baumaschinen, Industriemaschinen und Bergbaufahrzeuge sind.<\/p>\n<p>[\/et_pb_text][\/et_pb_column][\/et_pb_row][\/et_pb_section]<\/p>\n","protected":false},"excerpt":{"rendered":"<p>VIDEO<div class=\"et_pb_module dipl_double_color_heading dipl_double_color_heading_0 \">\n\t\t\t\t\n\t\t\t\t\n\t\t\t\t\n\t\t\t\t\n\t\t\t\t\n\t\t\t\t\n\t\t\t\t<div class=\"et_pb_module_inner\">\n\t\t\t\t\t<div class=\"dipl_text_wrapper\"><h2><span class=\"dipl_main_text\">RAPID RECHARGE TECHNOLOGY.&nbsp;<\/span><span class=\"dipl_post_text\">DAS IST INTELLI-START.<\/span><\/h2><\/div>\n\t\t\t\t<\/div>\n\t\t\t<\/div>Bilder sagen mehr als 1.000 Worte Sehen Sie sich die folgenden Videos an und erfahren Sie, warum die Projecta Intelli-Start-Reihe so einzigartig ist. Besonders die patentierte Rapid Recharge Technology ist unverwechselbar und macht die Ger\u00e4te sehr alltagstauglich. Auch [&hellip;]<\/p>\n","protected":false},"author":4,"featured_media":0,"parent":0,"menu_order":4,"comment_status":"closed","ping_status":"closed","template":"","meta":{"_acf_changed":false,"_et_pb_use_builder":"on","_et_pb_old_content":"","_et_gb_content_width":"","footnotes":""},"class_list":["post-2398","page","type-page","status-publish","hentry"],"acf":[],"yoast_head":"<!-- This site is optimized with the Yoast SEO plugin v27.3 - https:\/\/yoast.com\/product\/yoast-seo-wordpress\/ -->\n<title>Videos - Projecta<\/title>\n<meta name=\"robots\" content=\"index, follow, max-snippet:-1, max-image-preview:large, max-video-preview:-1\" \/>\n<link rel=\"canonical\" href=\"https:\/\/www.projecta-eu.com\/de\/videos\/\" \/>\n<meta property=\"og:locale\" content=\"de_DE\" \/>\n<meta property=\"og:type\" content=\"article\" \/>\n<meta property=\"og:title\" content=\"Videos - Projecta\" \/>\n<meta property=\"og:description\" content=\"VIDEOBilder sagen mehr als 1.000 Worte Sehen Sie sich die folgenden Videos an und erfahren Sie, warum die Projecta Intelli-Start-Reihe so einzigartig ist. Besonders die patentierte Rapid Recharge Technology ist unverwechselbar und macht die Ger\u00e4te sehr alltagstauglich. Auch [&hellip;]\" \/>\n<meta property=\"og:url\" content=\"https:\/\/www.projecta-eu.com\/de\/videos\/\" \/>\n<meta property=\"og:site_name\" content=\"Projecta\" \/>\n<meta property=\"article:modified_time\" content=\"2024-09-19T13:08:42+00:00\" \/>\n<meta name=\"twitter:card\" content=\"summary_large_image\" \/>\n<meta name=\"twitter:label1\" content=\"Gesch\u00e4tzte Lesezeit\" \/>\n\t<meta name=\"twitter:data1\" content=\"6\u00a0Minuten\" \/>\n<script type=\"application\/ld+json\" class=\"yoast-schema-graph\">{\"@context\":\"https:\\\/\\\/schema.org\",\"@graph\":[{\"@type\":\"WebPage\",\"@id\":\"https:\\\/\\\/www.projecta-eu.com\\\/de\\\/videos\\\/\",\"url\":\"https:\\\/\\\/www.projecta-eu.com\\\/de\\\/videos\\\/\",\"name\":\"Videos - Projecta\",\"isPartOf\":{\"@id\":\"https:\\\/\\\/www.projecta-eu.com\\\/#website\"},\"datePublished\":\"2024-06-10T14:13:55+00:00\",\"dateModified\":\"2024-09-19T13:08:42+00:00\",\"breadcrumb\":{\"@id\":\"https:\\\/\\\/www.projecta-eu.com\\\/de\\\/videos\\\/#breadcrumb\"},\"inLanguage\":\"de\",\"potentialAction\":[{\"@type\":\"ReadAction\",\"target\":[\"https:\\\/\\\/www.projecta-eu.com\\\/de\\\/videos\\\/\"]}]},{\"@type\":\"BreadcrumbList\",\"@id\":\"https:\\\/\\\/www.projecta-eu.com\\\/de\\\/videos\\\/#breadcrumb\",\"itemListElement\":[{\"@type\":\"ListItem\",\"position\":1,\"name\":\"Home\",\"item\":\"https:\\\/\\\/www.projecta-eu.com\\\/de\\\/\"},{\"@type\":\"ListItem\",\"position\":2,\"name\":\"Videos\"}]},{\"@type\":\"WebSite\",\"@id\":\"https:\\\/\\\/www.projecta-eu.com\\\/#website\",\"url\":\"https:\\\/\\\/www.projecta-eu.com\\\/\",\"name\":\"Projecta\",\"description\":\"The smartest jump starters available\",\"publisher\":{\"@id\":\"https:\\\/\\\/www.projecta-eu.com\\\/#organization\"},\"potentialAction\":[{\"@type\":\"SearchAction\",\"target\":{\"@type\":\"EntryPoint\",\"urlTemplate\":\"https:\\\/\\\/www.projecta-eu.com\\\/?s={search_term_string}\"},\"query-input\":{\"@type\":\"PropertyValueSpecification\",\"valueRequired\":true,\"valueName\":\"search_term_string\"}}],\"inLanguage\":\"de\"},{\"@type\":\"Organization\",\"@id\":\"https:\\\/\\\/www.projecta-eu.com\\\/#organization\",\"name\":\"Projecta\",\"url\":\"https:\\\/\\\/www.projecta-eu.com\\\/\",\"logo\":{\"@type\":\"ImageObject\",\"inLanguage\":\"de\",\"@id\":\"https:\\\/\\\/www.projecta-eu.com\\\/#\\\/schema\\\/logo\\\/image\\\/\",\"url\":\"https:\\\/\\\/www.projecta-eu.com\\\/wp-content\\\/uploads\\\/2024\\\/05\\\/logo-projecta_185839f0.svg\",\"contentUrl\":\"https:\\\/\\\/www.projecta-eu.com\\\/wp-content\\\/uploads\\\/2024\\\/05\\\/logo-projecta_185839f0.svg\",\"width\":200,\"height\":44,\"caption\":\"Projecta\"},\"image\":{\"@id\":\"https:\\\/\\\/www.projecta-eu.com\\\/#\\\/schema\\\/logo\\\/image\\\/\"}}]}<\/script>\n<!-- \/ Yoast SEO plugin. -->","yoast_head_json":{"title":"Videos - Projecta","robots":{"index":"index","follow":"follow","max-snippet":"max-snippet:-1","max-image-preview":"max-image-preview:large","max-video-preview":"max-video-preview:-1"},"canonical":"https:\/\/www.projecta-eu.com\/de\/videos\/","og_locale":"de_DE","og_type":"article","og_title":"Videos - Projecta","og_description":"VIDEOBilder sagen mehr als 1.000 Worte Sehen Sie sich die folgenden Videos an und erfahren Sie, warum die Projecta Intelli-Start-Reihe so einzigartig ist. Besonders die patentierte Rapid Recharge Technology ist unverwechselbar und macht die Ger\u00e4te sehr alltagstauglich. Auch [&hellip;]","og_url":"https:\/\/www.projecta-eu.com\/de\/videos\/","og_site_name":"Projecta","article_modified_time":"2024-09-19T13:08:42+00:00","twitter_card":"summary_large_image","twitter_misc":{"Gesch\u00e4tzte Lesezeit":"6\u00a0Minuten"},"schema":{"@context":"https:\/\/schema.org","@graph":[{"@type":"WebPage","@id":"https:\/\/www.projecta-eu.com\/de\/videos\/","url":"https:\/\/www.projecta-eu.com\/de\/videos\/","name":"Videos - Projecta","isPartOf":{"@id":"https:\/\/www.projecta-eu.com\/#website"},"datePublished":"2024-06-10T14:13:55+00:00","dateModified":"2024-09-19T13:08:42+00:00","breadcrumb":{"@id":"https:\/\/www.projecta-eu.com\/de\/videos\/#breadcrumb"},"inLanguage":"de","potentialAction":[{"@type":"ReadAction","target":["https:\/\/www.projecta-eu.com\/de\/videos\/"]}]},{"@type":"BreadcrumbList","@id":"https:\/\/www.projecta-eu.com\/de\/videos\/#breadcrumb","itemListElement":[{"@type":"ListItem","position":1,"name":"Home","item":"https:\/\/www.projecta-eu.com\/de\/"},{"@type":"ListItem","position":2,"name":"Videos"}]},{"@type":"WebSite","@id":"https:\/\/www.projecta-eu.com\/#website","url":"https:\/\/www.projecta-eu.com\/","name":"Projecta","description":"The smartest jump starters available","publisher":{"@id":"https:\/\/www.projecta-eu.com\/#organization"},"potentialAction":[{"@type":"SearchAction","target":{"@type":"EntryPoint","urlTemplate":"https:\/\/www.projecta-eu.com\/?s={search_term_string}"},"query-input":{"@type":"PropertyValueSpecification","valueRequired":true,"valueName":"search_term_string"}}],"inLanguage":"de"},{"@type":"Organization","@id":"https:\/\/www.projecta-eu.com\/#organization","name":"Projecta","url":"https:\/\/www.projecta-eu.com\/","logo":{"@type":"ImageObject","inLanguage":"de","@id":"https:\/\/www.projecta-eu.com\/#\/schema\/logo\/image\/","url":"https:\/\/www.projecta-eu.com\/wp-content\/uploads\/2024\/05\/logo-projecta_185839f0.svg","contentUrl":"https:\/\/www.projecta-eu.com\/wp-content\/uploads\/2024\/05\/logo-projecta_185839f0.svg","width":200,"height":44,"caption":"Projecta"},"image":{"@id":"https:\/\/www.projecta-eu.com\/#\/schema\/logo\/image\/"}}]}},"_links":{"self":[{"href":"https:\/\/www.projecta-eu.com\/de\/wp-json\/wp\/v2\/pages\/2398","targetHints":{"allow":["GET"]}}],"collection":[{"href":"https:\/\/www.projecta-eu.com\/de\/wp-json\/wp\/v2\/pages"}],"about":[{"href":"https:\/\/www.projecta-eu.com\/de\/wp-json\/wp\/v2\/types\/page"}],"author":[{"embeddable":true,"href":"https:\/\/www.projecta-eu.com\/de\/wp-json\/wp\/v2\/users\/4"}],"replies":[{"embeddable":true,"href":"https:\/\/www.projecta-eu.com\/de\/wp-json\/wp\/v2\/comments?post=2398"}],"version-history":[{"count":11,"href":"https:\/\/www.projecta-eu.com\/de\/wp-json\/wp\/v2\/pages\/2398\/revisions"}],"predecessor-version":[{"id":4550,"href":"https:\/\/www.projecta-eu.com\/de\/wp-json\/wp\/v2\/pages\/2398\/revisions\/4550"}],"wp:attachment":[{"href":"https:\/\/www.projecta-eu.com\/de\/wp-json\/wp\/v2\/media?parent=2398"}],"curies":[{"name":"wp","href":"https:\/\/api.w.org\/{rel}","templated":true}]}}